{"id":423,"date":"2014-07-14T12:28:37","date_gmt":"2014-07-14T11:28:37","guid":{"rendered":"http:\/\/blogii.gewerkschaften-online.at\/brassist\/?page_id=423"},"modified":"2019-02-27T15:24:05","modified_gmt":"2019-02-27T14:24:05","slug":"assist-main-verguenstigungen","status":"publish","type":"page","link":"https:\/\/blogii.gewerkschaften-online.at\/brassist\/assist-main-verguenstigungen\/","title":{"rendered":"MAIN Verg\u00fcnstigungen"},"content":{"rendered":"<p style=\"text-align: left\"><a title=\"Homepage\" href=\"http:\/\/www.rotunde.at\/\" target=\"_blank\" rel=\"noopener noreferrer\"><img data-recalc-dims=\"1\" loading=\"lazy\" decoding=\"async\" class=\"alignleft wp-image-426 \" src=\"https:\/\/i0.wp.com\/blogii.gewerkschaften-online.at\/brassist\/files\/2014\/07\/20140714_131724-1.jpg?resize=243%2C153\" alt=\"Rotundenkarte\" width=\"243\" height=\"153\" srcset=\"https:\/\/i0.wp.com\/blogii.gewerkschaften-online.at\/brassist\/files\/2014\/07\/20140714_131724-1.jpg?resize=300%2C189&amp;ssl=1 300w, https:\/\/i0.wp.com\/blogii.gewerkschaften-online.at\/brassist\/files\/2014\/07\/20140714_131724-1.jpg?resize=1024%2C647&amp;ssl=1 1024w, https:\/\/i0.wp.com\/blogii.gewerkschaften-online.at\/brassist\/files\/2014\/07\/20140714_131724-1.jpg?resize=800%2C505&amp;ssl=1 800w, https:\/\/i0.wp.com\/blogii.gewerkschaften-online.at\/brassist\/files\/2014\/07\/20140714_131724-1.jpg?w=1575 1575w\" sizes=\"auto, (max-width: 243px) 100vw, 243px\" \/><\/a><\/p>\n<p style=\"text-align: left\">Seit 27. Juni 2013 k\u00f6nnen wir \u2013 dank der Kooperation mit der Rotunden Apotheke \u2013 mit einer Kundenkarte einen Rabatt von 25% auf den gesamten Einkauf f\u00fcr private Arzneien in den Apotheken \u201cRotunden Apotheke\u201d und der \u201cApotheke im Stadioncenter\u201d erhalten. Ausgenommen sind Medikamente auf Rezept, die man mittels Rezeptgeb\u00fchr erh\u00e4lt.<\/p>\n<p><strong>Neue MitarbeiterInnen, die gerne in den Genuss einer Kundenkarte kommen m\u00f6chten,\u00a0 werden gebeten sich an den Betriebsrat zu wenden.<\/strong><\/p>\n<hr \/>\n<p><a title=\"Homepage\" href=\"http:\/\/www.raiffeisenbank.at\/eBusiness\/01_template1\/1015018521967-NA-1002608135073919403-NA-30-NA.html\" target=\"_blank\" rel=\"noopener noreferrer\"><img data-recalc-dims=\"1\" loading=\"lazy\" decoding=\"async\" class=\"alignleft  wp-image-439\" src=\"https:\/\/i0.wp.com\/blogii.gewerkschaften-online.at\/brassist\/files\/2014\/07\/1006637000974-NA-819656469996900856-1-30-NA.jpeg?resize=176%2C100\" alt=\"1006637000974-NA-819656469996900856-1-30-NA\" width=\"176\" height=\"100\" \/><\/a>Die Verg\u00fcnstigungen bei Produkten der Raiffeisenbank Wien k\u00f6nnen ab sofort von euch in Anspruch genommen werden. Unter diesem <a title=\"Raiffeisen\" href=\"http:\/\/www.raiffeisenbank.at\/eBusiness\/01_template1\/1015018521967-NA-1002608135073919403-NA-30-NA.html\" target=\"_blank\" rel=\"noopener noreferrer\">link<\/a> findet ihr weitere Infos dazu.<\/p>\n<p>Bei Fragen wendet euch bitte an uns.<\/p>\n<hr \/>\n<h4><a href=\"http:\/\/www.gpa-djp.at\/cms\/A03\/A03_4.6\/mitgliedschaft\/mitglied-werden-werben\" target=\"_blank\" rel=\"noopener noreferrer\"><img data-recalc-dims=\"1\" loading=\"lazy\" decoding=\"async\" class=\"alignleft wp-image-358 size-full\" src=\"https:\/\/i0.wp.com\/blogii.gewerkschaften-online.at\/brassist\/files\/2013\/12\/mitgliedwerden.jpg?resize=120%2C86\" alt=\"mitgliedwerden\" width=\"120\" height=\"86\" \/><\/a>F\u00fcr jene Kolleginnen und Kollegen, die Mitgieder bei der Gewerkschaft sind, gibt es unter anderem folgende Verg\u00fcnstigungen:<\/h4>\n<h5>\u00a0<a href=\"https:\/\/i0.wp.com\/blogii.gewerkschaften-online.at\/brassist\/files\/2014\/07\/Satellite1.jpg\"><img data-recalc-dims=\"1\" loading=\"lazy\" decoding=\"async\" class=\"alignleft size-thumbnail wp-image-576\" src=\"https:\/\/i0.wp.com\/blogii.gewerkschaften-online.at\/brassist\/files\/2014\/07\/Satellite1.jpg?resize=150%2C120\" alt=\"Satellite1\" width=\"150\" height=\"120\" \/><\/a><span class=\"veranstalter\"><span class=\"fcontent\">bfi<\/span><\/span><\/h5>\n<p><span class=\"vorspann\">Kurserm\u00e4\u00dfigungen f\u00fcr GPA-djp Mitglieder! <\/span><\/p>\n<h5 class=\"artikeltitle\"><a href=\"https:\/\/i0.wp.com\/blogii.gewerkschaften-online.at\/brassist\/files\/2015\/03\/Satellite.jpg\"><img data-recalc-dims=\"1\" loading=\"lazy\" decoding=\"async\" class=\"  alignleft wp-image-574\" src=\"https:\/\/i0.wp.com\/blogii.gewerkschaften-online.at\/brassist\/files\/2015\/03\/Satellite.jpg?resize=165%2C109\" alt=\"Satellite\" width=\"165\" height=\"109\" \/><\/a>T-Mobile Member Angebote<\/h5>\n<p style=\"text-align: left\"><span class=\"vorspann\">Die aktuellen Tarife mit &#8211; 20 % Member-Bonus f\u00fcr GPA-djp Mitglieder | NEU: GRATIS AKTIVIERUNG bis 31.3.2015 + NETFLIX jetzt sechs Monate kostenlos <\/span><\/p>\n<h5>3Spezial-Bonus XL f\u00fcr GPA-djp Mitglieder<\/h5>\n<p><img data-recalc-dims=\"1\" loading=\"lazy\" decoding=\"async\" class=\"alignleft size-thumbnail wp-image-443\" src=\"https:\/\/i0.wp.com\/blogii.gewerkschaften-online.at\/brassist\/files\/2014\/07\/Drei-Logo.jpg?resize=150%2C120\" alt=\"Drei Logo\" width=\"150\" height=\"120\" \/><span class=\"vorspann\">Die aktuellen Handy- und Internet-Tarife von Drei mit 3Spezial-Bonus XL f\u00fcr GPA-djp Mitglieder | <\/span><\/p>\n<p><span class=\"vorspann\">\u00a0<\/span><\/p>\n<p>Viele weitere Freizeit-, Sport-, Kultur-, Bildungs- und Reiseangebote findet ihr auf der <a title=\"GPA djp Verg\u00fcnstigungen\" href=\"http:\/\/www.gpa-djp.at\/cms\/A03\/A03_4.3\/mitgliedschaft\/card-angebote\" target=\"_blank\" rel=\"noopener noreferrer\">Homepage der GPA djp<\/a>.<\/p>\n","protected":false},"excerpt":{"rendered":"<p>Seit 27. Juni 2013 k\u00f6nnen wir \u2013 dank der Kooperation mit der Rotunden Apotheke \u2013 mit einer Kundenkarte einen Rabatt von 25% auf den gesamten Einkauf f\u00fcr private Arzneien in den Apotheken \u201cRotunden Apotheke\u201d und der \u201cApotheke im Stadioncenter\u201d erhalten. Ausgenommen sind Medikamente auf Rezept, die man mittels Rezeptgeb\u00fchr erh\u00e4lt. Neue MitarbeiterInnen, die gerne in &hellip; <\/p>\n<p class=\"link-more\"><a href=\"https:\/\/blogii.gewerkschaften-online.at\/brassist\/assist-main-verguenstigungen\/\" class=\"more-link\"><span class=\"screen-reader-text\">\u201eMAIN Verg\u00fcnstigungen\u201c <\/span>weiterlesen<\/a><\/p>\n","protected":false},"author":192,"featured_media":0,"parent":0,"menu_order":0,"comment_status":"open","ping_status":"open","template":"","meta":{"jetpack_post_was_ever_published":false,"footnotes":""},"class_list":["post-423","page","type-page","status-publish","hentry"],"jetpack_sharing_enabled":true,"jetpack_shortlink":"https:\/\/wp.me\/P3ok16-6P","jetpack_likes_enabled":true,"_links":{"self":[{"href":"https:\/\/blogii.gewerkschaften-online.at\/brassist\/wp-json\/wp\/v2\/pages\/423","targetHints":{"allow":["GET"]}}],"collection":[{"href":"https:\/\/blogii.gewerkschaften-online.at\/brassist\/wp-json\/wp\/v2\/pages"}],"about":[{"href":"https:\/\/blogii.gewerkschaften-online.at\/brassist\/wp-json\/wp\/v2\/types\/page"}],"author":[{"embeddable":true,"href":"https:\/\/blogii.gewerkschaften-online.at\/brassist\/wp-json\/wp\/v2\/users\/192"}],"replies":[{"embeddable":true,"href":"https:\/\/blogii.gewerkschaften-online.at\/brassist\/wp-json\/wp\/v2\/comments?post=423"}],"version-history":[{"count":12,"href":"https:\/\/blogii.gewerkschaften-online.at\/brassist\/wp-json\/wp\/v2\/pages\/423\/revisions"}],"predecessor-version":[{"id":807,"href":"https:\/\/blogii.gewerkschaften-online.at\/brassist\/wp-json\/wp\/v2\/pages\/423\/revisions\/807"}],"wp:attachment":[{"href":"https:\/\/blogii.gewerkschaften-online.at\/brassist\/wp-json\/wp\/v2\/media?parent=423"}],"curies":[{"name":"wp","href":"https:\/\/api.w.org\/{rel}","templated":true}]}}