{"id":4,"date":"2020-03-12T13:15:23","date_gmt":"2020-03-12T12:15:23","guid":{"rendered":"http:\/\/blogii.gewerkschaften-online.at\/younion-speakout\/?page_id=4"},"modified":"2020-03-13T12:47:33","modified_gmt":"2020-03-13T11:47:33","slug":"home","status":"publish","type":"page","link":"https:\/\/blogii.gewerkschaften-online.at\/younion-speakout\/","title":{"rendered":"Home"},"content":{"rendered":"\n<div class=\"wp-block-group container petition-container\"><div class=\"wp-block-group__inner-container is-layout-flow wp-block-group-is-layout-flow\">\n<div class=\"wp-block-image\"><figure class=\"aligncenter size-large\"><img loading=\"lazy\" decoding=\"async\" width=\"499\" height=\"199\" src=\"https:\/\/blogii.gewerkschaften-online.at\/younion-speakout\/files\/2020\/03\/younion-Logo.jpg\" alt=\"\" class=\"wp-image-18\" srcset=\"https:\/\/blogii.gewerkschaften-online.at\/younion-speakout\/files\/2020\/03\/younion-Logo.jpg 499w, https:\/\/blogii.gewerkschaften-online.at\/younion-speakout\/files\/2020\/03\/younion-Logo-300x120.jpg 300w\" sizes=\"auto, (max-width: 499px) 100vw, 499px\" \/><\/figure><\/div>\n\n\n\n<h1 class=\"wp-block-heading\">#schnellhelfen<\/h1>\n\n\n\n\t<!-- SpeakOut! Email Petitions 4.6.5.1 :  -->\n\t\t<div id=\"dk-speakout-windowshade\"><\/div>\n\t<div class=\"dk-speakout-petition-wrap dk-speakout-petition-id-1\" id=\"dk-speakout-petition-1\" >\n\t\t<h3>\u00d6sterreichische Bundesregierung<\/h3>\n\n\t\t\t\t\t<a id=\"dk-speakout-readme-1\" class=\"dk-speakout-readme\" rel=\"1\" style=\"display: none;\"><span>Read the petition<\/span><\/a>\n\t\t\n\t\t<div id=\"dk-speakout-form-wrap\">\n\t\t\t<form class=\"dk-speakout-petition\">\n\t\t\t\t<input type=\"hidden\" id=\"security\" name=\"security\" value=\"b2d85de730\" \/><input type=\"hidden\" name=\"_wp_http_referer\" value=\"\/younion-speakout\/wp-json\/wp\/v2\/pages\/4\" \/>\t\t\t\t<input type=\"hidden\" id=\"dk-speakout-posttitle-1\" value=\"\u00d6sterreichische Bundesregierung\" \/>\n\t\t\t\t<input type=\"hidden\" id=\"dk-speakout-tweet-1\" value=\"\" \/>\n\t\t\t\t<input type=\"hidden\" id=\"dk-speakout-lang-1\" value=\"\" \/>\n\t\t\t\t<input type=\"hidden\" id=\"dk-speakout-textval-1\" value=\"val\" \/>\n\t\t\t\t<input type=\"hidden\" id=\"dk-speakout-petition-fade-1\" value=\"disabled\" \/>\n\t\t\t\t<input type=\"hidden\" id=\"dk-speakout-requires_confirmation-1\" value=\"1\" \/>\n\t\t\t\t<input type=\"hidden\" id=\"dk-speakout-hide-email-field-1\" value=\"0\" \/>\n\n\t\t\t\t\n\t\t\t\t\t\t\t\t\n\t\t\t\t\n\t\t\t\t<div class=\"dk-speakout-full\">\n\t\t\t\t\t<input autocomplete=\"given-name\" name=\"dk-speakout-first-name\" id=\"dk-speakout-first-name-1\" type=\"text\" placeholder=\"Vorname\" required=\"required\"  \/>\n\t\t\t\t<\/div>\n\t\t\t\t\n\t\t\t\t<div class=\"dk-speakout-full\">\n\t\t\t\t\t<input autocomplete=\"family-name\" name=\"dk-speakout-last-name\" id=\"dk-speakout-last-name-1\" type=\"text\" placeholder=\"Nachname\" required=\"required\"  \/>\n\t\t\t\t<\/div>\n\n\t\t\t\t\n\t\t\t\t\t\t\t\t\t<div class=\"dk-speakout-full\">\n\t\t\t\t\t\t<input autocomplete=\"email\" name=\"dk-speakout-email\" id=\"dk-speakout-email-1\" type=\"email\"  placeholder=\"E-Mail-Adresse\" required=\"required\"  \/>\n\t\t\t\t\t<\/div>\n\t\t\t\t\n\t\t\t\t\t\t\t\t<div>\n\n\t\t\t\t\n\t\t\t\t\n\t\t\t\t\n\t\t\t\t\n\t\t\t\t\n\t\t\t\t\n\t\t\t\t<\/div>\n\n\t\t\t\t\t\t\t\t\t<div class=\"dk-speakout-full dk-speakout-message\"  id=\"dk-speakout-message-1\">\n\t\t\t\t\t\t<p class=\"dk-speakout-greeting\"><\/p>\n\t\t\t\t\t\t<p>Mit meiner Online-Unterschrift fordere ich die \u00d6sterreichische Bundesregierung dazu auf, rasch und unb\u00fcrokratisch den Besch\u00e4ftigten im Kunst- und Kulturbereich zu helfen.<\/p>\t\t\t\t\t\t\n\t\t\t\t\t\t\t\t\t\t\t<\/div>\n\t\t\t\t\n\t\t\t\t\n\t\t\t\t\n\t\t\t\t\n\t\t\t\t\t\t\t\t\t<div class=\"dk-speakout-privacypolicy-wrap\">\n\t\t\t\t\t\t<div class=\"dk-speakout-options-checkbox\">\n\t\t\t\t\t\t\t<input type=\"checkbox\" name=\"dk-speakout-privacypolicy\" id=\"dk-speakout-privacypolicy-1\" class=\"required\" required=\"required\" \/>\n\t\t\t\t\t\t\t<label for=\"dk-speakout-privacypolicy-1\" class=\"required dk-speakout-options\">Ja, ich akzeptiere die <a href=\"https:\/\/www.oegb.at\/cms\/S06\/S06_999_Datenschutz_0\" target=\"_blank\">Datenschutzerkl\u00e4rung<\/a><\/label>\n\t\t\t\t\t\t<\/div>\n\t\t\t\t\t<\/div>\n\t\t\t\t\n\t\t\t\t\n\t\t\t\t\n\t\t\t\t<div class=\"dk-speakout-submit-wrap\">\n\t\t\t\t\t<div id=\"dk-speakout-ajaxloader-1\" class=\"dk-speakout-ajaxloader\" style=\"visibility: hidden;\">&nbsp;<\/div>\n\t\t\t\t\t<button name=\"1\" class=\"dk-speakout-submit\">Unterschreiben Sie jetzt<\/button>\n\t\t\t\t<\/div>\n\t\t\t<\/form>\n\t\t<\/div>\n\t\t<div class=\"dk-speakout-response\"><\/div>\n\n\t\t\n\t\t\t<\/div>\n\n\n\n\n\n<p><a href=\"https:\/\/www.younion.at\/cms\/C01\/C01_999_impressum\" target=\"_blank\" rel=\"noreferrer noopener\" aria-label=\"Impressum (\u00f6ffnet in neuem Tab)\">Impressum<\/a><\/p>\n<\/div><\/div>\n","protected":false},"excerpt":{"rendered":"<p>#schnellhelfen Impressum<\/p>\n","protected":false},"author":1,"featured_media":0,"parent":0,"menu_order":0,"comment_status":"closed","ping_status":"closed","template":"","meta":{"footnotes":""},"class_list":["post-4","page","type-page","status-publish","hentry","entry"],"_links":{"self":[{"href":"https:\/\/blogii.gewerkschaften-online.at\/younion-speakout\/wp-json\/wp\/v2\/pages\/4","targetHints":{"allow":["GET"]}}],"collection":[{"href":"https:\/\/blogii.gewerkschaften-online.at\/younion-speakout\/wp-json\/wp\/v2\/pages"}],"about":[{"href":"https:\/\/blogii.gewerkschaften-online.at\/younion-speakout\/wp-json\/wp\/v2\/types\/page"}],"author":[{"embeddable":true,"href":"https:\/\/blogii.gewerkschaften-online.at\/younion-speakout\/wp-json\/wp\/v2\/users\/1"}],"replies":[{"embeddable":true,"href":"https:\/\/blogii.gewerkschaften-online.at\/younion-speakout\/wp-json\/wp\/v2\/comments?post=4"}],"version-history":[{"count":7,"href":"https:\/\/blogii.gewerkschaften-online.at\/younion-speakout\/wp-json\/wp\/v2\/pages\/4\/revisions"}],"predecessor-version":[{"id":21,"href":"https:\/\/blogii.gewerkschaften-online.at\/younion-speakout\/wp-json\/wp\/v2\/pages\/4\/revisions\/21"}],"wp:attachment":[{"href":"https:\/\/blogii.gewerkschaften-online.at\/younion-speakout\/wp-json\/wp\/v2\/media?parent=4"}],"curies":[{"name":"wp","href":"https:\/\/api.w.org\/{rel}","templated":true}]}}